{"id":1278,"date":"2023-07-19T19:29:47","date_gmt":"2023-07-19T19:29:47","guid":{"rendered":"https:\/\/summumalimentos.com\/?post_type=product&#038;p=1278"},"modified":"2023-07-19T19:29:47","modified_gmt":"2023-07-19T19:29:47","slug":"sicao-chispa-obscura-clara-blanca","status":"publish","type":"product","link":"https:\/\/summumalimentos.com\/?product=sicao-chispa-obscura-clara-blanca","title":{"rendered":"SICAO CHISPA &#8211; OBSCURA, CLARA, BLANCA"},"content":{"rendered":"","protected":false},"excerpt":{"rendered":"<ul>\n<li class=\"current-price\">Chispas sabor chocolate semiamargo, leche, claro. Ideales para fundir o utilizarlas como inclusi\u00f3n o decoraci\u00f3n. No requiere temperado. En colaboraci\u00f3n con la fundaci\u00f3n Cocoa Horizons para la obtenci\u00f3n de cacao 100% sustentable.<\/li>\n<\/ul>\n<p><img loading=\"lazy\" decoding=\"async\" class=\"alignnone size-full wp-image-1280\" src=\"https:\/\/summumalimentos.com\/wp-content\/uploads\/2023\/07\/3-2.png\" alt=\"\" width=\"818\" height=\"102\" \/><\/p>\n","protected":false},"featured_media":1279,"comment_status":"open","ping_status":"closed","template":"","meta":[],"product_cat":[79,107],"product_tag":[108],"class_list":{"0":"post-1278","1":"product","2":"type-product","3":"status-publish","4":"has-post-thumbnail","6":"product_cat-alimentos","7":"product_cat-chocolates","8":"product_tag-sicao","10":"first","11":"instock","12":"shipping-taxable","13":"product-type-simple"},"_links":{"self":[{"href":"https:\/\/summumalimentos.com\/index.php?rest_route=\/wp\/v2\/product\/1278","targetHints":{"allow":["GET"]}}],"collection":[{"href":"https:\/\/summumalimentos.com\/index.php?rest_route=\/wp\/v2\/product"}],"about":[{"href":"https:\/\/summumalimentos.com\/index.php?rest_route=\/wp\/v2\/types\/product"}],"replies":[{"embeddable":true,"href":"https:\/\/summumalimentos.com\/index.php?rest_route=%2Fwp%2Fv2%2Fcomments&post=1278"}],"wp:featuredmedia":[{"embeddable":true,"href":"https:\/\/summumalimentos.com\/index.php?rest_route=\/wp\/v2\/media\/1279"}],"wp:attachment":[{"href":"https:\/\/summumalimentos.com\/index.php?rest_route=%2Fwp%2Fv2%2Fmedia&parent=1278"}],"wp:term":[{"taxonomy":"product_cat","embeddable":true,"href":"https:\/\/summumalimentos.com\/index.php?rest_route=%2Fwp%2Fv2%2Fproduct_cat&post=1278"},{"taxonomy":"product_tag","embeddable":true,"href":"https:\/\/summumalimentos.com\/index.php?rest_route=%2Fwp%2Fv2%2Fproduct_tag&post=1278"}],"curies":[{"name":"wp","href":"https:\/\/api.w.org\/{rel}","templated":true}]}}