{"id":1281,"date":"2023-07-19T19:33:44","date_gmt":"2023-07-19T19:33:44","guid":{"rendered":"https:\/\/summumalimentos.com\/?post_type=product&#038;p=1281"},"modified":"2023-07-19T19:33:44","modified_gmt":"2023-07-19T19:33:44","slug":"cobertura-sabor-chocolate-amargo-chispas-horneables","status":"publish","type":"product","link":"https:\/\/summumalimentos.com\/?product=cobertura-sabor-chocolate-amargo-chispas-horneables","title":{"rendered":"COBERTURA SABOR CHOCOLATE AMARGO &#8211; CHISPAS HORNEABLES"},"content":{"rendered":"","protected":false},"excerpt":{"rendered":"<ul>\n<li class=\"current-price\">Chispas horneables sabor chocolate semiamargo que conservan su forma en altas temperaturas. En colaboraci\u00f3n con la fundaci\u00f3n Cocoa Horizons para la obtenci\u00f3n de cacao 100% sustentable.<\/li>\n<\/ul>\n<p><img loading=\"lazy\" decoding=\"async\" class=\"alignnone size-full wp-image-1283\" src=\"https:\/\/summumalimentos.com\/wp-content\/uploads\/2023\/07\/4-2.png\" alt=\"\" width=\"815\" height=\"83\" \/><\/p>\n","protected":false},"featured_media":1282,"comment_status":"open","ping_status":"closed","template":"","meta":[],"product_cat":[79,107],"product_tag":[108],"class_list":{"0":"post-1281","1":"product","2":"type-product","3":"status-publish","4":"has-post-thumbnail","6":"product_cat-alimentos","7":"product_cat-chocolates","8":"product_tag-sicao","10":"first","11":"instock","12":"shipping-taxable","13":"product-type-simple"},"_links":{"self":[{"href":"https:\/\/summumalimentos.com\/index.php?rest_route=\/wp\/v2\/product\/1281","targetHints":{"allow":["GET"]}}],"collection":[{"href":"https:\/\/summumalimentos.com\/index.php?rest_route=\/wp\/v2\/product"}],"about":[{"href":"https:\/\/summumalimentos.com\/index.php?rest_route=\/wp\/v2\/types\/product"}],"replies":[{"embeddable":true,"href":"https:\/\/summumalimentos.com\/index.php?rest_route=%2Fwp%2Fv2%2Fcomments&post=1281"}],"wp:featuredmedia":[{"embeddable":true,"href":"https:\/\/summumalimentos.com\/index.php?rest_route=\/wp\/v2\/media\/1282"}],"wp:attachment":[{"href":"https:\/\/summumalimentos.com\/index.php?rest_route=%2Fwp%2Fv2%2Fmedia&parent=1281"}],"wp:term":[{"taxonomy":"product_cat","embeddable":true,"href":"https:\/\/summumalimentos.com\/index.php?rest_route=%2Fwp%2Fv2%2Fproduct_cat&post=1281"},{"taxonomy":"product_tag","embeddable":true,"href":"https:\/\/summumalimentos.com\/index.php?rest_route=%2Fwp%2Fv2%2Fproduct_tag&post=1281"}],"curies":[{"name":"wp","href":"https:\/\/api.w.org\/{rel}","templated":true}]}}