{"id":1367,"date":"2023-07-19T21:30:03","date_gmt":"2023-07-19T21:30:03","guid":{"rendered":"https:\/\/summumalimentos.com\/?post_type=product&#038;p=1367"},"modified":"2024-08-09T21:08:13","modified_gmt":"2024-08-09T21:08:13","slug":"transfers-para-chocolateria","status":"publish","type":"product","link":"https:\/\/summumalimentos.com\/?product=transfers-para-chocolateria","title":{"rendered":"TRANSFERS PARA CHOCOLATER\u00cdA"},"content":{"rendered":"","protected":false},"excerpt":{"rendered":"<div class=\"pricing-meta\">\n<ul>\n<li class=\"current-price\">Tenemos m\u00faltiples dise\u00f1os que te permitir\u00e1n decorar tus postres y pasteles como todo un profesional.<\/li>\n<\/ul>\n<\/div>\n<p>&nbsp;<\/p>\n<div class=\"compare-table \">\n<table class=\"table mb-0\">\n<tbody>\n<tr>\n<td class=\"first-column\">USOS<\/td>\n<td class=\"pro-desc\">Ideal para personalizar sus figuras o medallones de chocolate con dise\u00f1os de temporada o texturas que har\u00e1n lucir m\u00e1s atractiva su creaci\u00f3n.<\/td>\n<\/tr>\n<tr>\n<td class=\"first-column\">CARACTER\u00cdSTICAS<\/td>\n<td class=\"pro-desc\">Hoja de pel\u00edcula pl\u00e1stica 100% polietileno virgen, calibre 800 o acetato calibre 7, grado alimenticio.<\/td>\n<\/tr>\n<\/tbody>\n<\/table>\n<\/div>\n","protected":false},"featured_media":1360,"comment_status":"open","ping_status":"closed","template":"","meta":[],"product_cat":[80,90],"product_tag":[101],"class_list":{"0":"post-1367","1":"product","2":"type-product","3":"status-publish","4":"has-post-thumbnail","6":"product_cat-materias-primas","7":"product_cat-varios","8":"product_tag-summum","10":"first","11":"instock","12":"shipping-taxable","13":"product-type-simple"},"_links":{"self":[{"href":"https:\/\/summumalimentos.com\/index.php?rest_route=\/wp\/v2\/product\/1367","targetHints":{"allow":["GET"]}}],"collection":[{"href":"https:\/\/summumalimentos.com\/index.php?rest_route=\/wp\/v2\/product"}],"about":[{"href":"https:\/\/summumalimentos.com\/index.php?rest_route=\/wp\/v2\/types\/product"}],"replies":[{"embeddable":true,"href":"https:\/\/summumalimentos.com\/index.php?rest_route=%2Fwp%2Fv2%2Fcomments&post=1367"}],"wp:featuredmedia":[{"embeddable":true,"href":"https:\/\/summumalimentos.com\/index.php?rest_route=\/wp\/v2\/media\/1360"}],"wp:attachment":[{"href":"https:\/\/summumalimentos.com\/index.php?rest_route=%2Fwp%2Fv2%2Fmedia&parent=1367"}],"wp:term":[{"taxonomy":"product_cat","embeddable":true,"href":"https:\/\/summumalimentos.com\/index.php?rest_route=%2Fwp%2Fv2%2Fproduct_cat&post=1367"},{"taxonomy":"product_tag","embeddable":true,"href":"https:\/\/summumalimentos.com\/index.php?rest_route=%2Fwp%2Fv2%2Fproduct_tag&post=1367"}],"curies":[{"name":"wp","href":"https:\/\/api.w.org\/{rel}","templated":true}]}}